{"id":117,"date":"2023-09-20T14:24:50","date_gmt":"2023-09-20T12:24:50","guid":{"rendered":"https:\/\/lystes.ai\/eyesperfectcannes\/?page_id=95"},"modified":"2023-09-20T14:24:50","modified_gmt":"2023-09-20T12:24:50","slug":"review","status":"publish","type":"page","link":"https:\/\/lystes.store\/dreamvirginhairpay\/review\/","title":{"rendered":"Eyes Perfect Avis : Note de 4,9\/5 pour la satisfaction client !"},"content":{"rendered":"<div class=\"wpb-content-wrapper\">[vc_row][vc_column][vc_column_text]I am text block. Click edit button to change this text. Lorem ipsum dolor sit amet, consectetur adipiscing elit. Ut elit tellus, luctus nec ullamcorper mattis, pulvinar dapibus leo.[\/vc_column_text][\/vc_column][\/vc_row]\n<\/div>","protected":false},"excerpt":{"rendered":"<p>[vc_row][vc_column][vc_column_text]I am text block. Click edit button to change this text. Lorem ipsum dolor sit amet, consectetur adipiscing elit. Ut elit tellus, luctus nec ullamcorper mattis, pulvinar dapibus leo.[\/vc_column_text][\/vc_column][\/vc_row]<\/p>\n","protected":false},"author":1,"featured_media":0,"parent":0,"menu_order":0,"comment_status":"closed","ping_status":"closed","template":"page-review.php","meta":{"footnotes":""},"class_list":["post-117","page","type-page","status-publish","hentry"],"acf":[],"yoast_head":"<!-- This site is optimized with the Yoast SEO plugin v25.3.1 - https:\/\/yoast.com\/wordpress\/plugins\/seo\/ -->\n<title>Eyes Perfect Paris avis : Note de 4,9\/5 pour la satisfaction client !<\/title>\n<meta name=\"description\" content=\"D\u00e9couvrez les avis de Eyes Perfect Paris, la boutique en ligne pl\u00e9biscit\u00e9 par ses clients avec une satisfaction not\u00e9e \u00e0 4,9\/5 sur Lystes.ai.\" \/>\n<meta name=\"robots\" content=\"index, follow, max-snippet:-1, max-image-preview:large, max-video-preview:-1\" \/>\n<link rel=\"canonical\" href=\"https:\/\/lystes.store\/dreamvirginhairpay\/review\/\" \/>\n<meta property=\"og:locale\" content=\"fr_FR\" \/>\n<meta property=\"og:type\" content=\"article\" \/>\n<meta property=\"og:title\" content=\"Eyes Perfect Paris avis : Note de 4,9\/5 pour la satisfaction client !\" \/>\n<meta property=\"og:description\" content=\"D\u00e9couvrez les avis de Eyes Perfect Paris, la boutique en ligne pl\u00e9biscit\u00e9 par ses clients avec une satisfaction not\u00e9e \u00e0 4,9\/5 sur Lystes.ai.\" \/>\n<meta property=\"og:url\" content=\"https:\/\/lystes.store\/dreamvirginhairpay\/review\/\" \/>\n<meta property=\"og:site_name\" content=\"Dream Virgin hair\" \/>\n<meta name=\"twitter:card\" content=\"summary_large_image\" \/>\n<meta name=\"twitter:label1\" content=\"Dur\u00e9e de lecture estim\u00e9e\" \/>\n\t<meta name=\"twitter:data1\" content=\"1 minute\" \/>\n<script type=\"application\/ld+json\" class=\"yoast-schema-graph\">{\"@context\":\"https:\/\/schema.org\",\"@graph\":[{\"@type\":\"WebPage\",\"@id\":\"https:\/\/lystes.store\/dreamvirginhairpay\/review\/\",\"url\":\"https:\/\/lystes.store\/dreamvirginhairpay\/review\/\",\"name\":\"Eyes Perfect Paris avis : Note de 4,9\/5 pour la satisfaction client !\",\"isPartOf\":{\"@id\":\"https:\/\/lystes.store\/dreamvirginhairpay\/#website\"},\"datePublished\":\"2023-09-20T12:24:50+00:00\",\"description\":\"D\u00e9couvrez les avis de Eyes Perfect Paris, la boutique en ligne pl\u00e9biscit\u00e9 par ses clients avec une satisfaction not\u00e9e \u00e0 4,9\/5 sur Lystes.ai.\",\"breadcrumb\":{\"@id\":\"https:\/\/lystes.store\/dreamvirginhairpay\/review\/#breadcrumb\"},\"inLanguage\":\"fr-FR\",\"potentialAction\":[{\"@type\":\"ReadAction\",\"target\":[\"https:\/\/lystes.store\/dreamvirginhairpay\/review\/\"]}]},{\"@type\":\"BreadcrumbList\",\"@id\":\"https:\/\/lystes.store\/dreamvirginhairpay\/review\/#breadcrumb\",\"itemListElement\":[{\"@type\":\"ListItem\",\"position\":1,\"name\":\"Accueil\",\"item\":\"https:\/\/lystes.store\/dreamvirginhairpay\/\"},{\"@type\":\"ListItem\",\"position\":2,\"name\":\"Eyes Perfect Avis : Note de 4,9\/5 pour la satisfaction client !\"}]},{\"@type\":\"WebSite\",\"@id\":\"https:\/\/lystes.store\/dreamvirginhairpay\/#website\",\"url\":\"https:\/\/lystes.store\/dreamvirginhairpay\/\",\"name\":\"Dream Virgin hair\",\"description\":\"\",\"potentialAction\":[{\"@type\":\"SearchAction\",\"target\":{\"@type\":\"EntryPoint\",\"urlTemplate\":\"https:\/\/lystes.store\/dreamvirginhairpay\/?s={search_term_string}\"},\"query-input\":{\"@type\":\"PropertyValueSpecification\",\"valueRequired\":true,\"valueName\":\"search_term_string\"}}],\"inLanguage\":\"fr-FR\"}]}<\/script>\n<!-- \/ Yoast SEO plugin. -->","yoast_head_json":{"title":"Eyes Perfect Paris avis : Note de 4,9\/5 pour la satisfaction client !","description":"D\u00e9couvrez les avis de Eyes Perfect Paris, la boutique en ligne pl\u00e9biscit\u00e9 par ses clients avec une satisfaction not\u00e9e \u00e0 4,9\/5 sur Lystes.ai.","robots":{"index":"index","follow":"follow","max-snippet":"max-snippet:-1","max-image-preview":"max-image-preview:large","max-video-preview":"max-video-preview:-1"},"canonical":"https:\/\/lystes.store\/dreamvirginhairpay\/review\/","og_locale":"fr_FR","og_type":"article","og_title":"Eyes Perfect Paris avis : Note de 4,9\/5 pour la satisfaction client !","og_description":"D\u00e9couvrez les avis de Eyes Perfect Paris, la boutique en ligne pl\u00e9biscit\u00e9 par ses clients avec une satisfaction not\u00e9e \u00e0 4,9\/5 sur Lystes.ai.","og_url":"https:\/\/lystes.store\/dreamvirginhairpay\/review\/","og_site_name":"Dream Virgin hair","twitter_card":"summary_large_image","twitter_misc":{"Dur\u00e9e de lecture estim\u00e9e":"1 minute"},"schema":{"@context":"https:\/\/schema.org","@graph":[{"@type":"WebPage","@id":"https:\/\/lystes.store\/dreamvirginhairpay\/review\/","url":"https:\/\/lystes.store\/dreamvirginhairpay\/review\/","name":"Eyes Perfect Paris avis : Note de 4,9\/5 pour la satisfaction client !","isPartOf":{"@id":"https:\/\/lystes.store\/dreamvirginhairpay\/#website"},"datePublished":"2023-09-20T12:24:50+00:00","description":"D\u00e9couvrez les avis de Eyes Perfect Paris, la boutique en ligne pl\u00e9biscit\u00e9 par ses clients avec une satisfaction not\u00e9e \u00e0 4,9\/5 sur Lystes.ai.","breadcrumb":{"@id":"https:\/\/lystes.store\/dreamvirginhairpay\/review\/#breadcrumb"},"inLanguage":"fr-FR","potentialAction":[{"@type":"ReadAction","target":["https:\/\/lystes.store\/dreamvirginhairpay\/review\/"]}]},{"@type":"BreadcrumbList","@id":"https:\/\/lystes.store\/dreamvirginhairpay\/review\/#breadcrumb","itemListElement":[{"@type":"ListItem","position":1,"name":"Accueil","item":"https:\/\/lystes.store\/dreamvirginhairpay\/"},{"@type":"ListItem","position":2,"name":"Eyes Perfect Avis : Note de 4,9\/5 pour la satisfaction client !"}]},{"@type":"WebSite","@id":"https:\/\/lystes.store\/dreamvirginhairpay\/#website","url":"https:\/\/lystes.store\/dreamvirginhairpay\/","name":"Dream Virgin hair","description":"","potentialAction":[{"@type":"SearchAction","target":{"@type":"EntryPoint","urlTemplate":"https:\/\/lystes.store\/dreamvirginhairpay\/?s={search_term_string}"},"query-input":{"@type":"PropertyValueSpecification","valueRequired":true,"valueName":"search_term_string"}}],"inLanguage":"fr-FR"}]}},"jetpack_sharing_enabled":true,"_links":{"self":[{"href":"https:\/\/lystes.store\/dreamvirginhairpay\/wp-json\/wp\/v2\/pages\/117","targetHints":{"allow":["GET"]}}],"collection":[{"href":"https:\/\/lystes.store\/dreamvirginhairpay\/wp-json\/wp\/v2\/pages"}],"about":[{"href":"https:\/\/lystes.store\/dreamvirginhairpay\/wp-json\/wp\/v2\/types\/page"}],"author":[{"embeddable":true,"href":"https:\/\/lystes.store\/dreamvirginhairpay\/wp-json\/wp\/v2\/users\/1"}],"replies":[{"embeddable":true,"href":"https:\/\/lystes.store\/dreamvirginhairpay\/wp-json\/wp\/v2\/comments?post=117"}],"version-history":[{"count":0,"href":"https:\/\/lystes.store\/dreamvirginhairpay\/wp-json\/wp\/v2\/pages\/117\/revisions"}],"wp:attachment":[{"href":"https:\/\/lystes.store\/dreamvirginhairpay\/wp-json\/wp\/v2\/media?parent=117"}],"curies":[{"name":"wp","href":"https:\/\/api.w.org\/{rel}","templated":true}]}}