{"id":312,"date":"2025-06-19T17:42:39","date_gmt":"2025-06-19T15:42:39","guid":{"rendered":"https:\/\/lystes.store\/biolystes\/?post_type=product&#038;p=312"},"modified":"2025-06-20T08:52:53","modified_gmt":"2025-06-20T06:52:53","slug":"storelystes-pack-beauty","status":"publish","type":"product","link":"https:\/\/lystes.store\/cubanohairpay\/produit\/storelystes-pack-beauty\/","title":{"rendered":"Storelystes &#8211; Pack beauty"},"content":{"rendered":"<p class=\"p1\">Un instant suspendu, une \u00e9nergie nouvelle.<\/p>\n<p class=\"p1\">Ce coffret a \u00e9t\u00e9 imagin\u00e9 pour celles qui ressentent le besoin de ralentir, de r\u00e9ajuster, de repartir autrement.<\/p>\n<p class=\"p1\">Pas de promesse tapageuse, juste ce qu\u2019il faut pour vous reconnecter \u00e0 l\u2019essentiel.<\/p>\n","protected":false},"excerpt":{"rendered":"<p class=\"p1\">Un instant suspendu, une \u00e9nergie nouvelle.<\/p>\n<p class=\"p1\">Ce coffret a \u00e9t\u00e9 imagin\u00e9 pour celles qui ressentent le besoin de ralentir, de r\u00e9ajuster, de repartir autrement.<\/p>\n<p class=\"p1\">Pas de promesse tapageuse, juste ce qu\u2019il faut pour vous reconnecter \u00e0 l\u2019essentiel.<\/p>\n","protected":false},"featured_media":315,"comment_status":"open","ping_status":"closed","template":"","meta":[],"product_brand":[],"product_cat":[16],"product_tag":[],"class_list":{"0":"post-312","1":"product","2":"type-product","3":"status-publish","4":"has-post-thumbnail","6":"product_cat-beauty","8":"first","9":"instock","10":"taxable","11":"shipping-taxable","12":"purchasable","13":"product-type-simple"},"acf":[],"yoast_head":"<!-- This site is optimized with the Yoast SEO plugin v25.3.1 - https:\/\/yoast.com\/wordpress\/plugins\/seo\/ -->\n<title>Storelystes - Pack beauty - Cubano Hair<\/title>\n<meta name=\"robots\" content=\"index, follow, max-snippet:-1, max-image-preview:large, max-video-preview:-1\" \/>\n<link rel=\"canonical\" href=\"https:\/\/lystes.store\/cubanohairpay\/produit\/storelystes-pack-beauty\/\" \/>\n<meta property=\"og:locale\" content=\"fr_FR\" \/>\n<meta property=\"og:type\" content=\"article\" \/>\n<meta property=\"og:title\" content=\"Storelystes - Pack beauty - Cubano Hair\" \/>\n<meta property=\"og:description\" content=\"Un instant suspendu, une \u00e9nergie nouvelle. Ce coffret a \u00e9t\u00e9 imagin\u00e9 pour celles qui ressentent le besoin de ralentir, de r\u00e9ajuster, de repartir autrement. Pas de promesse tapageuse, juste ce qu\u2019il faut pour vous reconnecter \u00e0 l\u2019essentiel.\" \/>\n<meta property=\"og:url\" content=\"https:\/\/lystes.store\/cubanohairpay\/produit\/storelystes-pack-beauty\/\" \/>\n<meta property=\"og:site_name\" content=\"Cubano Hair\" \/>\n<meta property=\"article:modified_time\" content=\"2025-06-20T06:52:53+00:00\" \/>\n<meta property=\"og:image\" content=\"https:\/\/lystes.store\/cubanohairpay\/wp-content\/uploads\/sites\/14\/2025\/06\/lystes-logo-1.png\" \/>\n\t<meta property=\"og:image:width\" content=\"1024\" \/>\n\t<meta property=\"og:image:height\" content=\"1024\" \/>\n\t<meta property=\"og:image:type\" content=\"image\/png\" \/>\n<meta name=\"twitter:card\" content=\"summary_large_image\" \/>\n<meta name=\"twitter:label1\" content=\"Dur\u00e9e de lecture estim\u00e9e\" \/>\n\t<meta name=\"twitter:data1\" content=\"1 minute\" \/>\n<script type=\"application\/ld+json\" class=\"yoast-schema-graph\">{\"@context\":\"https:\/\/schema.org\",\"@graph\":[{\"@type\":\"WebPage\",\"@id\":\"https:\/\/lystes.store\/cubanohairpay\/produit\/storelystes-pack-beauty\/\",\"url\":\"https:\/\/lystes.store\/cubanohairpay\/produit\/storelystes-pack-beauty\/\",\"name\":\"Storelystes - Pack beauty - Cubano Hair\",\"isPartOf\":{\"@id\":\"https:\/\/lystes.store\/cubanohairpay\/#website\"},\"primaryImageOfPage\":{\"@id\":\"https:\/\/lystes.store\/cubanohairpay\/produit\/storelystes-pack-beauty\/#primaryimage\"},\"image\":{\"@id\":\"https:\/\/lystes.store\/cubanohairpay\/produit\/storelystes-pack-beauty\/#primaryimage\"},\"thumbnailUrl\":\"https:\/\/lystes.store\/cubanohairpay\/wp-content\/uploads\/sites\/14\/2025\/06\/lystes-logo-1.png\",\"datePublished\":\"2025-06-19T15:42:39+00:00\",\"dateModified\":\"2025-06-20T06:52:53+00:00\",\"breadcrumb\":{\"@id\":\"https:\/\/lystes.store\/cubanohairpay\/produit\/storelystes-pack-beauty\/#breadcrumb\"},\"inLanguage\":\"fr-FR\",\"potentialAction\":[{\"@type\":\"ReadAction\",\"target\":[\"https:\/\/lystes.store\/cubanohairpay\/produit\/storelystes-pack-beauty\/\"]}]},{\"@type\":\"ImageObject\",\"inLanguage\":\"fr-FR\",\"@id\":\"https:\/\/lystes.store\/cubanohairpay\/produit\/storelystes-pack-beauty\/#primaryimage\",\"url\":\"https:\/\/lystes.store\/cubanohairpay\/wp-content\/uploads\/sites\/14\/2025\/06\/lystes-logo-1.png\",\"contentUrl\":\"https:\/\/lystes.store\/cubanohairpay\/wp-content\/uploads\/sites\/14\/2025\/06\/lystes-logo-1.png\",\"width\":1024,\"height\":1024},{\"@type\":\"BreadcrumbList\",\"@id\":\"https:\/\/lystes.store\/cubanohairpay\/produit\/storelystes-pack-beauty\/#breadcrumb\",\"itemListElement\":[{\"@type\":\"ListItem\",\"position\":1,\"name\":\"Accueil\",\"item\":\"https:\/\/lystes.store\/cubanohairpay\/\"},{\"@type\":\"ListItem\",\"position\":2,\"name\":\"Shop\",\"item\":\"https:\/\/lystes.store\/cubanohairpay\/shop\/\"},{\"@type\":\"ListItem\",\"position\":3,\"name\":\"Storelystes &#8211; Pack beauty\"}]},{\"@type\":\"WebSite\",\"@id\":\"https:\/\/lystes.store\/cubanohairpay\/#website\",\"url\":\"https:\/\/lystes.store\/cubanohairpay\/\",\"name\":\"Cubano Hair\",\"description\":\"\",\"potentialAction\":[{\"@type\":\"SearchAction\",\"target\":{\"@type\":\"EntryPoint\",\"urlTemplate\":\"https:\/\/lystes.store\/cubanohairpay\/?s={search_term_string}\"},\"query-input\":{\"@type\":\"PropertyValueSpecification\",\"valueRequired\":true,\"valueName\":\"search_term_string\"}}],\"inLanguage\":\"fr-FR\"}]}<\/script>\n<!-- \/ Yoast SEO plugin. -->","yoast_head_json":{"title":"Storelystes - Pack beauty - Cubano Hair","robots":{"index":"index","follow":"follow","max-snippet":"max-snippet:-1","max-image-preview":"max-image-preview:large","max-video-preview":"max-video-preview:-1"},"canonical":"https:\/\/lystes.store\/cubanohairpay\/produit\/storelystes-pack-beauty\/","og_locale":"fr_FR","og_type":"article","og_title":"Storelystes - Pack beauty - Cubano Hair","og_description":"Un instant suspendu, une \u00e9nergie nouvelle. Ce coffret a \u00e9t\u00e9 imagin\u00e9 pour celles qui ressentent le besoin de ralentir, de r\u00e9ajuster, de repartir autrement. Pas de promesse tapageuse, juste ce qu\u2019il faut pour vous reconnecter \u00e0 l\u2019essentiel.","og_url":"https:\/\/lystes.store\/cubanohairpay\/produit\/storelystes-pack-beauty\/","og_site_name":"Cubano Hair","article_modified_time":"2025-06-20T06:52:53+00:00","og_image":[{"width":1024,"height":1024,"url":"https:\/\/lystes.store\/cubanohairpay\/wp-content\/uploads\/sites\/14\/2025\/06\/lystes-logo-1.png","type":"image\/png"}],"twitter_card":"summary_large_image","twitter_misc":{"Dur\u00e9e de lecture estim\u00e9e":"1 minute"},"schema":{"@context":"https:\/\/schema.org","@graph":[{"@type":"WebPage","@id":"https:\/\/lystes.store\/cubanohairpay\/produit\/storelystes-pack-beauty\/","url":"https:\/\/lystes.store\/cubanohairpay\/produit\/storelystes-pack-beauty\/","name":"Storelystes - Pack beauty - Cubano Hair","isPartOf":{"@id":"https:\/\/lystes.store\/cubanohairpay\/#website"},"primaryImageOfPage":{"@id":"https:\/\/lystes.store\/cubanohairpay\/produit\/storelystes-pack-beauty\/#primaryimage"},"image":{"@id":"https:\/\/lystes.store\/cubanohairpay\/produit\/storelystes-pack-beauty\/#primaryimage"},"thumbnailUrl":"https:\/\/lystes.store\/cubanohairpay\/wp-content\/uploads\/sites\/14\/2025\/06\/lystes-logo-1.png","datePublished":"2025-06-19T15:42:39+00:00","dateModified":"2025-06-20T06:52:53+00:00","breadcrumb":{"@id":"https:\/\/lystes.store\/cubanohairpay\/produit\/storelystes-pack-beauty\/#breadcrumb"},"inLanguage":"fr-FR","potentialAction":[{"@type":"ReadAction","target":["https:\/\/lystes.store\/cubanohairpay\/produit\/storelystes-pack-beauty\/"]}]},{"@type":"ImageObject","inLanguage":"fr-FR","@id":"https:\/\/lystes.store\/cubanohairpay\/produit\/storelystes-pack-beauty\/#primaryimage","url":"https:\/\/lystes.store\/cubanohairpay\/wp-content\/uploads\/sites\/14\/2025\/06\/lystes-logo-1.png","contentUrl":"https:\/\/lystes.store\/cubanohairpay\/wp-content\/uploads\/sites\/14\/2025\/06\/lystes-logo-1.png","width":1024,"height":1024},{"@type":"BreadcrumbList","@id":"https:\/\/lystes.store\/cubanohairpay\/produit\/storelystes-pack-beauty\/#breadcrumb","itemListElement":[{"@type":"ListItem","position":1,"name":"Accueil","item":"https:\/\/lystes.store\/cubanohairpay\/"},{"@type":"ListItem","position":2,"name":"Shop","item":"https:\/\/lystes.store\/cubanohairpay\/shop\/"},{"@type":"ListItem","position":3,"name":"Storelystes &#8211; Pack beauty"}]},{"@type":"WebSite","@id":"https:\/\/lystes.store\/cubanohairpay\/#website","url":"https:\/\/lystes.store\/cubanohairpay\/","name":"Cubano Hair","description":"","potentialAction":[{"@type":"SearchAction","target":{"@type":"EntryPoint","urlTemplate":"https:\/\/lystes.store\/cubanohairpay\/?s={search_term_string}"},"query-input":{"@type":"PropertyValueSpecification","valueRequired":true,"valueName":"search_term_string"}}],"inLanguage":"fr-FR"}]}},"jetpack_sharing_enabled":true,"_links":{"self":[{"href":"https:\/\/lystes.store\/cubanohairpay\/wp-json\/wp\/v2\/product\/312","targetHints":{"allow":["GET"]}}],"collection":[{"href":"https:\/\/lystes.store\/cubanohairpay\/wp-json\/wp\/v2\/product"}],"about":[{"href":"https:\/\/lystes.store\/cubanohairpay\/wp-json\/wp\/v2\/types\/product"}],"replies":[{"embeddable":true,"href":"https:\/\/lystes.store\/cubanohairpay\/wp-json\/wp\/v2\/comments?post=312"}],"wp:featuredmedia":[{"embeddable":true,"href":"https:\/\/lystes.store\/cubanohairpay\/wp-json\/wp\/v2\/media\/315"}],"wp:attachment":[{"href":"https:\/\/lystes.store\/cubanohairpay\/wp-json\/wp\/v2\/media?parent=312"}],"wp:term":[{"taxonomy":"product_brand","embeddable":true,"href":"https:\/\/lystes.store\/cubanohairpay\/wp-json\/wp\/v2\/product_brand?post=312"},{"taxonomy":"product_cat","embeddable":true,"href":"https:\/\/lystes.store\/cubanohairpay\/wp-json\/wp\/v2\/product_cat?post=312"},{"taxonomy":"product_tag","embeddable":true,"href":"https:\/\/lystes.store\/cubanohairpay\/wp-json\/wp\/v2\/product_tag?post=312"}],"curies":[{"name":"wp","href":"https:\/\/api.w.org\/{rel}","templated":true}]}}